{"id":113,"date":"2023-10-26T12:37:45","date_gmt":"2023-10-26T12:37:45","guid":{"rendered":"https:\/\/rocknacht-flawil.ch\/?page_id=113"},"modified":"2023-10-26T12:37:45","modified_gmt":"2023-10-26T12:37:45","slug":"the-rule","status":"publish","type":"page","link":"https:\/\/rocknacht-flawil.ch\/?page_id=113","title":{"rendered":"The Rule"},"content":{"rendered":"\n<figure class=\"wp-block-image aligncenter size-full\"><img loading=\"lazy\" decoding=\"async\" width=\"600\" height=\"652\" src=\"https:\/\/rocknacht-flawil.ch\/wp-content\/uploads\/2023\/10\/Bild-theRule-klein.jpg\" alt=\"\" class=\"wp-image-114\" srcset=\"https:\/\/rocknacht-flawil.ch\/wp-content\/uploads\/2023\/10\/Bild-theRule-klein.jpg 600w, https:\/\/rocknacht-flawil.ch\/wp-content\/uploads\/2023\/10\/Bild-theRule-klein-276x300.jpg 276w\" sizes=\"auto, (max-width: 600px) 100vw, 600px\" \/><\/figure>\n\n\n\n<p class=\"has-text-align-center\"><strong>Drei Br\u00fcder \u2013 eine Band \u2013 ein Ziel<\/strong><\/p>\n\n\n\n<p class=\"has-text-align-center\"><strong>Rock N\u2019 Roll<\/strong><\/p>\n\n\n\n<p>Das ziehen The Rule auch konsequent durch. Rock mit dem 70\u2019s Flair. So pr\u00e4zise wie Zahnr\u00e4der in einem Uhrwerk. Die schier endlose Power der Band wird unterst\u00fctzt durch die verzerrte Gitarre, groovigen Schlagzeug Parts und kraftvollem Gesang. Mit dem gleichen Ziel vor Augen gehen The Rule mit Leidenschaft und einer unglaublichen Kraft an die Sache ran. Die drei unterschiedlichen Pers\u00f6nlichkeiten haben eines gemeinsam: Die Energie und den Willen die B\u00fchne zu rocken.<\/p>\n\n\n\n<p>Links:<\/p>\n\n\n\n<p>Spotify:\u00a0<a href=\"https:\/\/open.spotify.com\/artist\/5QTEBmZtW3Md78bqkD98AD?si=bmNw-9jlQRiKbhqV2kr1Fg\" target=\"_blank\" rel=\"noreferrer noopener\">https:\/\/open.spotify.com\/artist\/5QTEBmZtW3Md78bqkD98AD?si=bmNw-9jlQRiKbhqV2kr1Fg<\/a>\u00a0<\/p>\n\n\n\n<p>Youtube:\u00a0<a href=\"https:\/\/www.youtube.com\/watch?v=-Ekk0t0gPg8\" target=\"_blank\" rel=\"noreferrer noopener\">https:\/\/www.youtube.com\/watch?v=-Ekk0t0gPg8<\/a>\u00a0<\/p>\n\n\n\n<p>Website:\u00a0<a href=\"https:\/\/www.therule-official.com\/\" target=\"_blank\" rel=\"noreferrer noopener\">https:\/\/www.therule-official.com<\/a>\u00a0<\/p>\n\n\n\n<p>Facebook:\u00a0<a href=\"https:\/\/www.facebook.com\/The-Rule-Band-976306202515516\/?ref=py_c\" target=\"_blank\" rel=\"noreferrer noopener\">https:\/\/www.facebook.com\/The-Rule-Band-976306202515516\/?ref=py_c<\/a><\/p>\n","protected":false},"excerpt":{"rendered":"<p>Drei Br\u00fcder \u2013 eine Band \u2013 ein Ziel Rock N\u2019 Roll Das ziehen The Rule auch konsequent durch. Rock mit dem 70\u2019s Flair. So pr\u00e4zise wie Zahnr\u00e4der in einem Uhrwerk. Die schier endlose Power der Band wird unterst\u00fctzt durch die verzerrte Gitarre, groovigen Schlagzeug Parts und kraftvollem Gesang. Mit dem gleichen Ziel vor Augen gehen [&hellip;]<\/p>\n","protected":false},"author":1,"featured_media":0,"parent":47,"menu_order":0,"comment_status":"closed","ping_status":"closed","template":"","meta":{"footnotes":""},"class_list":["post-113","page","type-page","status-publish","hentry"],"_links":{"self":[{"href":"https:\/\/rocknacht-flawil.ch\/index.php?rest_route=\/wp\/v2\/pages\/113","targetHints":{"allow":["GET"]}}],"collection":[{"href":"https:\/\/rocknacht-flawil.ch\/index.php?rest_route=\/wp\/v2\/pages"}],"about":[{"href":"https:\/\/rocknacht-flawil.ch\/index.php?rest_route=\/wp\/v2\/types\/page"}],"author":[{"embeddable":true,"href":"https:\/\/rocknacht-flawil.ch\/index.php?rest_route=\/wp\/v2\/users\/1"}],"replies":[{"embeddable":true,"href":"https:\/\/rocknacht-flawil.ch\/index.php?rest_route=%2Fwp%2Fv2%2Fcomments&post=113"}],"version-history":[{"count":1,"href":"https:\/\/rocknacht-flawil.ch\/index.php?rest_route=\/wp\/v2\/pages\/113\/revisions"}],"predecessor-version":[{"id":115,"href":"https:\/\/rocknacht-flawil.ch\/index.php?rest_route=\/wp\/v2\/pages\/113\/revisions\/115"}],"up":[{"embeddable":true,"href":"https:\/\/rocknacht-flawil.ch\/index.php?rest_route=\/wp\/v2\/pages\/47"}],"wp:attachment":[{"href":"https:\/\/rocknacht-flawil.ch\/index.php?rest_route=%2Fwp%2Fv2%2Fmedia&parent=113"}],"curies":[{"name":"wp","href":"https:\/\/api.w.org\/{rel}","templated":true}]}}