{"id":2,"date":"2023-08-27T13:44:37","date_gmt":"2023-08-27T13:44:37","guid":{"rendered":"https:\/\/rocknacht-flawil.ch\/?page_id=2"},"modified":"2023-11-07T18:50:44","modified_gmt":"2023-11-07T18:50:44","slug":"sample-page","status":"publish","type":"page","link":"https:\/\/rocknacht-flawil.ch\/","title":{"rendered":"Let&#8217;s rock!"},"content":{"rendered":"\n<p>Die Rocknacht 2023 war ein voller Erfolg! <a href=\"https:\/\/rocknacht-flawil.ch\/?page_id=122\" data-type=\"page\" data-id=\"122\">Einen R\u00fcckblick findet Ihr hier<\/a>.<\/p>\n\n\n\n<div style=\"height:20px\" aria-hidden=\"true\" class=\"wp-block-spacer\"><\/div>\n\n\n\n<figure class=\"wp-block-image size-full wp-duotone-unset-1\"><img loading=\"lazy\" decoding=\"async\" width=\"687\" height=\"986\" src=\"https:\/\/rocknacht-flawil.ch\/wp-content\/uploads\/2023\/10\/rocknacht-flawil.png\" alt=\"\" class=\"wp-image-42\" srcset=\"https:\/\/rocknacht-flawil.ch\/wp-content\/uploads\/2023\/10\/rocknacht-flawil.png 687w, https:\/\/rocknacht-flawil.ch\/wp-content\/uploads\/2023\/10\/rocknacht-flawil-209x300.png 209w\" sizes=\"auto, (max-width: 687px) 100vw, 687px\" \/><\/figure>\n\n\n\n<p><\/p>\n\n\n\n<p>Endlich!!! 20 Jahre im Dornr\u00f6schenschlaf erwacht die legend\u00e4re Flawiler Rock-Nacht. Sechs Bands ab sechs:<\/p>\n\n\n\n<ul class=\"wp-block-list\">\n<li><a href=\"https:\/\/rocknacht-flawil.ch\/?page_id=95\" data-type=\"page\" data-id=\"95\">Adenite<\/a><\/li>\n\n\n\n<li><a href=\"https:\/\/rocknacht-flawil.ch\/?page_id=101\" data-type=\"page\" data-id=\"101\">Galliardo<\/a><\/li>\n\n\n\n<li><a href=\"https:\/\/rocknacht-flawil.ch\/?page_id=64\" data-type=\"page\" data-id=\"64\">Pilots oft the Daydreams<\/a><\/li>\n\n\n\n<li><a href=\"https:\/\/rocknacht-flawil.ch\/?page_id=113\" data-type=\"page\" data-id=\"113\">The Rule<\/a><\/li>\n\n\n\n<li><a href=\"https:\/\/rocknacht-flawil.ch\/?page_id=57\" data-type=\"page\" data-id=\"57\">Acoustic 4<\/a> <\/li>\n\n\n\n<li><a href=\"https:\/\/rocknacht-flawil.ch\/?page_id=49\" data-type=\"page\" data-id=\"49\">Sound Trail<\/a><\/li>\n<\/ul>\n\n\n\n<p>&#8230;rocken den Lindensaal. <\/p>\n\n\n\n<p><\/p>\n\n\n\n<p>T\u00fcr\u00f6ffnung: 17.00 Uhr &#8211; Beginn 18 Uhr<\/p>\n\n\n\n<p>Tickets sind erh\u00e4ltlich bei <a rel=\"noreferrer noopener\" href=\"https:\/\/eventfrog.de\/de\/p\/konzert\/pop-rock\/flawiler-rocknacht-7101577596849039185.html\" data-type=\"link\" data-id=\"https:\/\/eventfrog.de\/de\/p\/konzert\/pop-rock\/flawiler-rocknacht-7101577596849039185.html\" target=\"_blank\">eventfrog<\/a>.<\/p>\n\n\n\n<div class=\"wp-block-columns are-vertically-aligned-center is-layout-flex wp-container-core-columns-is-layout-28f84493 wp-block-columns-is-layout-flex\">\n<div class=\"wp-block-column is-vertically-aligned-center is-layout-flow wp-block-column-is-layout-flow\" style=\"flex-basis:100%\"><\/div>\n<\/div>\n\n\n\n<p>Ein grosses Dankesch\u00f6n geht an unseren Hauptsponsor:<\/p>\n\n\n\n<figure class=\"wp-block-image size-large wp-duotone-unset-2\"><a href=\"https:\/\/www.raiffeisen.ch\" target=\"_blank\" rel=\"noreferrer noopener\"><img loading=\"lazy\" decoding=\"async\" width=\"1024\" height=\"368\" src=\"https:\/\/rocknacht-flawil.ch\/wp-content\/uploads\/2023\/09\/Raiffeisen_Logo-1024x368.jpg\" alt=\"\" class=\"wp-image-31\" srcset=\"https:\/\/rocknacht-flawil.ch\/wp-content\/uploads\/2023\/09\/Raiffeisen_Logo-1024x368.jpg 1024w, https:\/\/rocknacht-flawil.ch\/wp-content\/uploads\/2023\/09\/Raiffeisen_Logo-300x108.jpg 300w, https:\/\/rocknacht-flawil.ch\/wp-content\/uploads\/2023\/09\/Raiffeisen_Logo-768x276.jpg 768w, https:\/\/rocknacht-flawil.ch\/wp-content\/uploads\/2023\/09\/Raiffeisen_Logo-1536x552.jpg 1536w, https:\/\/rocknacht-flawil.ch\/wp-content\/uploads\/2023\/09\/Raiffeisen_Logo-2048x736.jpg 2048w\" sizes=\"auto, (max-width: 1024px) 100vw, 1024px\" \/><\/a><\/figure>\n","protected":false},"excerpt":{"rendered":"<p>Die Rocknacht 2023 war ein voller Erfolg! Einen R\u00fcckblick findet Ihr hier. Endlich!!! 20 Jahre im Dornr\u00f6schenschlaf erwacht die legend\u00e4re Flawiler Rock-Nacht. Sechs Bands ab sechs: &#8230;rocken den Lindensaal. T\u00fcr\u00f6ffnung: 17.00 Uhr &#8211; Beginn 18 Uhr Tickets sind erh\u00e4ltlich bei eventfrog. Ein grosses Dankesch\u00f6n geht an unseren Hauptsponsor:<\/p>\n","protected":false},"author":1,"featured_media":0,"parent":0,"menu_order":0,"comment_status":"closed","ping_status":"closed","template":"","meta":{"footnotes":""},"class_list":["post-2","page","type-page","status-publish","hentry"],"_links":{"self":[{"href":"https:\/\/rocknacht-flawil.ch\/index.php?rest_route=\/wp\/v2\/pages\/2","targetHints":{"allow":["GET"]}}],"collection":[{"href":"https:\/\/rocknacht-flawil.ch\/index.php?rest_route=\/wp\/v2\/pages"}],"about":[{"href":"https:\/\/rocknacht-flawil.ch\/index.php?rest_route=\/wp\/v2\/types\/page"}],"author":[{"embeddable":true,"href":"https:\/\/rocknacht-flawil.ch\/index.php?rest_route=\/wp\/v2\/users\/1"}],"replies":[{"embeddable":true,"href":"https:\/\/rocknacht-flawil.ch\/index.php?rest_route=%2Fwp%2Fv2%2Fcomments&post=2"}],"version-history":[{"count":22,"href":"https:\/\/rocknacht-flawil.ch\/index.php?rest_route=\/wp\/v2\/pages\/2\/revisions"}],"predecessor-version":[{"id":168,"href":"https:\/\/rocknacht-flawil.ch\/index.php?rest_route=\/wp\/v2\/pages\/2\/revisions\/168"}],"wp:attachment":[{"href":"https:\/\/rocknacht-flawil.ch\/index.php?rest_route=%2Fwp%2Fv2%2Fmedia&parent=2"}],"curies":[{"name":"wp","href":"https:\/\/api.w.org\/{rel}","templated":true}]}}