{"id":57,"date":"2023-10-18T06:46:20","date_gmt":"2023-10-18T06:46:20","guid":{"rendered":"https:\/\/rocknacht-flawil.ch\/?page_id=57"},"modified":"2023-10-18T11:20:23","modified_gmt":"2023-10-18T11:20:23","slug":"acoustic-4","status":"publish","type":"page","link":"https:\/\/rocknacht-flawil.ch\/?page_id=57","title":{"rendered":"Acoustic 4"},"content":{"rendered":"\n<figure class=\"wp-block-image aligncenter size-full\"><img loading=\"lazy\" decoding=\"async\" width=\"300\" height=\"375\" src=\"https:\/\/rocknacht-flawil.ch\/wp-content\/uploads\/2023\/10\/Logo-Acoustic4-klein.png\" alt=\"\" class=\"wp-image-58\" srcset=\"https:\/\/rocknacht-flawil.ch\/wp-content\/uploads\/2023\/10\/Logo-Acoustic4-klein.png 300w, https:\/\/rocknacht-flawil.ch\/wp-content\/uploads\/2023\/10\/Logo-Acoustic4-klein-240x300.png 240w\" sizes=\"auto, (max-width: 300px) 100vw, 300px\" \/><\/figure>\n\n\n\n<p>THE ACOUSTIC 4: DAS IST MUSIK IN SEINER SCH\u00d6NSTEN FORM<br><br>Seit bald 15 Jahren begeistert The Acoustic 4 mit ihrer einzigartigen Mischung aus Akustik-Pop &amp; Rock das Publikum. Die vier Musiker verschmelzen gekonnt Cajon, Gitarre, Bass und Gesang zu einem harmonischen Klangteppich. Die Live-Auftritte von The Acoustic 4 sind wahre Sinneserlebnisse, bei denen das Publikum sich von der Leidenschaft der Band mitrei\u00dfen l\u00e4sst. Ob intim oder vor Tausenden von Zuschauern, ihre zeitlose Musik und mitrei\u00dfende Performance erz\u00e4hlt Geschichten des Lebens und l\u00e4dt zum Tanzen und Mitsingen ein. Tauche ein in die Welt von The Acoustic 4 und erlebe die Musik in ihrer sch\u00f6nsten Form.<\/p>\n\n\n\n<div style=\"height:80px\" aria-hidden=\"true\" class=\"wp-block-spacer\"><\/div>\n\n\n\n<p> <\/p>\n\n\n\n<figure class=\"wp-block-image aligncenter size-full\"><img loading=\"lazy\" decoding=\"async\" width=\"596\" height=\"438\" src=\"https:\/\/rocknacht-flawil.ch\/wp-content\/uploads\/2023\/10\/Bild-Acoustic4-2.png\" alt=\"\" class=\"wp-image-61\" srcset=\"https:\/\/rocknacht-flawil.ch\/wp-content\/uploads\/2023\/10\/Bild-Acoustic4-2.png 596w, https:\/\/rocknacht-flawil.ch\/wp-content\/uploads\/2023\/10\/Bild-Acoustic4-2-300x220.png 300w\" sizes=\"auto, (max-width: 596px) 100vw, 596px\" \/><\/figure>\n","protected":false},"excerpt":{"rendered":"<p>THE ACOUSTIC 4: DAS IST MUSIK IN SEINER SCH\u00d6NSTEN FORM Seit bald 15 Jahren begeistert The Acoustic 4 mit ihrer einzigartigen Mischung aus Akustik-Pop &amp; Rock das Publikum. Die vier Musiker verschmelzen gekonnt Cajon, Gitarre, Bass und Gesang zu einem harmonischen Klangteppich. Die Live-Auftritte von The Acoustic 4 sind wahre Sinneserlebnisse, bei denen das Publikum [&hellip;]<\/p>\n","protected":false},"author":1,"featured_media":0,"parent":47,"menu_order":0,"comment_status":"closed","ping_status":"closed","template":"","meta":{"footnotes":""},"class_list":["post-57","page","type-page","status-publish","hentry"],"_links":{"self":[{"href":"https:\/\/rocknacht-flawil.ch\/index.php?rest_route=\/wp\/v2\/pages\/57","targetHints":{"allow":["GET"]}}],"collection":[{"href":"https:\/\/rocknacht-flawil.ch\/index.php?rest_route=\/wp\/v2\/pages"}],"about":[{"href":"https:\/\/rocknacht-flawil.ch\/index.php?rest_route=\/wp\/v2\/types\/page"}],"author":[{"embeddable":true,"href":"https:\/\/rocknacht-flawil.ch\/index.php?rest_route=\/wp\/v2\/users\/1"}],"replies":[{"embeddable":true,"href":"https:\/\/rocknacht-flawil.ch\/index.php?rest_route=%2Fwp%2Fv2%2Fcomments&post=57"}],"version-history":[{"count":10,"href":"https:\/\/rocknacht-flawil.ch\/index.php?rest_route=\/wp\/v2\/pages\/57\/revisions"}],"predecessor-version":[{"id":93,"href":"https:\/\/rocknacht-flawil.ch\/index.php?rest_route=\/wp\/v2\/pages\/57\/revisions\/93"}],"up":[{"embeddable":true,"href":"https:\/\/rocknacht-flawil.ch\/index.php?rest_route=\/wp\/v2\/pages\/47"}],"wp:attachment":[{"href":"https:\/\/rocknacht-flawil.ch\/index.php?rest_route=%2Fwp%2Fv2%2Fmedia&parent=57"}],"curies":[{"name":"wp","href":"https:\/\/api.w.org\/{rel}","templated":true}]}}