{"id":72,"date":"2023-10-18T06:52:13","date_gmt":"2023-10-18T06:52:13","guid":{"rendered":"https:\/\/rocknacht-flawil.ch\/?page_id=72"},"modified":"2023-11-07T18:48:48","modified_gmt":"2023-11-07T18:48:48","slug":"infos","status":"publish","type":"page","link":"https:\/\/rocknacht-flawil.ch\/?page_id=72","title":{"rendered":"Info&#8217;s"},"content":{"rendered":"\n<p>T\u00fcr\u00f6ffnung: 17.00 Uhr &#8211; Beginn 18 Uhr<\/p>\n\n\n\n<p>Tickets sind erh\u00e4ltlich bei <a rel=\"noreferrer noopener\" href=\"https:\/\/eventfrog.de\/de\/p\/konzert\/pop-rock\/flawiler-rocknacht-7101577596849039185.html\" data-type=\"link\" data-id=\"https:\/\/eventfrog.de\/de\/p\/konzert\/pop-rock\/flawiler-rocknacht-7101577596849039185.html\" target=\"_blank\">eventfrog<\/a>.<\/p>\n\n\n\n<p>Hier findet der Anlass statt:<\/p>\n\n\n\n<div class=\"wp-block-columns are-vertically-aligned-center is-layout-flex wp-container-core-columns-is-layout-28f84493 wp-block-columns-is-layout-flex\">\n<div class=\"wp-block-column is-vertically-aligned-center is-layout-flow wp-block-column-is-layout-flow\" style=\"flex-basis:100%\">\n<iframe src=\"https:\/\/www.google.com\/maps\/embed?pb=!1m13!1m8!1m3!1d2439.857026076042!2d9.193334!3d47.4116546!3m2!1i1024!2i768!4f13.1!3m2!1m1!2zNDfCsDI0JzQyLjAiTiA5wrAxMSczNi4wIkU!5e1!3m2!1sde!2sch!4v1695059513678!5m2!1sde!2sch\" width=\"600\" height=\"450\" style=\"border:0;\" allowfullscreen=\"\" loading=\"lazy\" referrerpolicy=\"no-referrer-when-downgrade\"><\/iframe>\n<\/div>\n<\/div>\n\n\n\n<p>Organisiert wird die Veranstaltung durch den <a href=\"https:\/\/www.kulturverein-touch.ch\/\" data-type=\"link\" data-id=\"https:\/\/www.kulturverein-touch.ch\/\" target=\"_blank\" rel=\"noreferrer noopener\">Kulturverein Touch<\/a><\/p>\n\n\n\n<p>Hier ein R\u00fcckblick auf die <a rel=\"noreferrer noopener\" href=\"https:\/\/kulturverein-touch.ch\/archiv\/6.rocknacht.html\" data-type=\"link\" data-id=\"https:\/\/kulturverein-touch.ch\/archiv\/6.rocknacht.html\" target=\"_blank\">Flawiler Rocknacht 2004<\/a><\/p>\n\n\n\n<p><\/p>\n","protected":false},"excerpt":{"rendered":"<p>T\u00fcr\u00f6ffnung: 17.00 Uhr &#8211; Beginn 18 Uhr Tickets sind erh\u00e4ltlich bei eventfrog. Hier findet der Anlass statt: Organisiert wird die Veranstaltung durch den Kulturverein Touch Hier ein R\u00fcckblick auf die Flawiler Rocknacht 2004<\/p>\n","protected":false},"author":1,"featured_media":0,"parent":0,"menu_order":2,"comment_status":"closed","ping_status":"closed","template":"","meta":{"footnotes":""},"class_list":["post-72","page","type-page","status-publish","hentry"],"_links":{"self":[{"href":"https:\/\/rocknacht-flawil.ch\/index.php?rest_route=\/wp\/v2\/pages\/72","targetHints":{"allow":["GET"]}}],"collection":[{"href":"https:\/\/rocknacht-flawil.ch\/index.php?rest_route=\/wp\/v2\/pages"}],"about":[{"href":"https:\/\/rocknacht-flawil.ch\/index.php?rest_route=\/wp\/v2\/types\/page"}],"author":[{"embeddable":true,"href":"https:\/\/rocknacht-flawil.ch\/index.php?rest_route=\/wp\/v2\/users\/1"}],"replies":[{"embeddable":true,"href":"https:\/\/rocknacht-flawil.ch\/index.php?rest_route=%2Fwp%2Fv2%2Fcomments&post=72"}],"version-history":[{"count":1,"href":"https:\/\/rocknacht-flawil.ch\/index.php?rest_route=\/wp\/v2\/pages\/72\/revisions"}],"predecessor-version":[{"id":73,"href":"https:\/\/rocknacht-flawil.ch\/index.php?rest_route=\/wp\/v2\/pages\/72\/revisions\/73"}],"wp:attachment":[{"href":"https:\/\/rocknacht-flawil.ch\/index.php?rest_route=%2Fwp%2Fv2%2Fmedia&parent=72"}],"curies":[{"name":"wp","href":"https:\/\/api.w.org\/{rel}","templated":true}]}}